{"id":21,"date":"2021-07-30T09:00:52","date_gmt":"2021-07-30T07:00:52","guid":{"rendered":"https:\/\/www.fcer.ch\/?page_id=21"},"modified":"2026-02-09T12:32:00","modified_gmt":"2026-02-09T11:32:00","slug":"m1","status":"publish","type":"page","link":"https:\/\/www.fcer.ch\/index.php\/equipes\/m1\/","title":{"rendered":"M 1"},"content":{"rendered":"<p><div class=\"fusion-fullwidth fullwidth-box fusion-builder-row-1 fusion-flex-container has-pattern-background has-mask-background nonhundred-percent-fullwidth non-hundred-percent-height-scrolling\" style=\"--awb-border-radius-top-left:0px;--awb-border-radius-top-right:0px;--awb-border-radius-bottom-right:0px;--awb-border-radius-bottom-left:0px;--awb-flex-wrap:wrap;\" ><div class=\"fusion-builder-row fusion-row fusion-flex-align-items-flex-start fusion-flex-content-wrap\" style=\"max-width:1248px;margin-left: calc(-4% \/ 2 );margin-right: calc(-4% \/ 2 );\"><div class=\"fusion-layout-column fusion_builder_column fusion-builder-column-0 fusion_builder_column_1_1 1_1 fusion-flex-column\" style=\"--awb-bg-size:cover;--awb-width-large:100%;--awb-margin-top-large:0px;--awb-spacing-right-large:1.92%;--awb-margin-bottom-large:20px;--awb-spacing-left-large:1.92%;--awb-width-medium:100%;--awb-order-medium:0;--awb-spacing-right-medium:1.92%;--awb-spacing-left-medium:1.92%;--awb-width-small:100%;--awb-order-small:0;--awb-spacing-right-small:1.92%;--awb-spacing-left-small:1.92%;\" data-scroll-devices=\"small-visibility,medium-visibility,large-visibility\"><div class=\"fusion-column-wrapper fusion-column-has-shadow fusion-flex-justify-content-flex-start fusion-content-layout-column\"><div class=\"fusion-title title fusion-title-1 sep-underline sep-solid fusion-title-text fusion-title-size-one\" style=\"--awb-margin-bottom:25px;--awb-margin-top-small:10px;--awb-margin-right-small:0px;--awb-margin-bottom-small:10px;--awb-margin-left-small:0px;\"><h1 class=\"fusion-title-heading title-heading-left\" style=\"margin:0;\">1<sup>\u00e8re<\/sup> ligue masculine<\/h1><\/div><\/div><\/div><\/div><\/div><div class=\"fusion-fullwidth fullwidth-box fusion-builder-row-2 fusion-flex-container has-pattern-background has-mask-background nonhundred-percent-fullwidth non-hundred-percent-height-scrolling\" style=\"--awb-border-radius-top-left:0px;--awb-border-radius-top-right:0px;--awb-border-radius-bottom-right:0px;--awb-border-radius-bottom-left:0px;--awb-flex-wrap:wrap;\" ><div class=\"fusion-builder-row fusion-row fusion-flex-align-items-flex-start fusion-flex-content-wrap\" style=\"max-width:1248px;margin-left: calc(-4% \/ 2 );margin-right: calc(-4% \/ 2 );\"><div class=\"fusion-layout-column fusion_builder_column fusion-builder-column-1 fusion_builder_column_2_3 2_3 fusion-flex-column\" style=\"--awb-bg-size:cover;--awb-width-large:66.666666666667%;--awb-margin-top-large:0px;--awb-spacing-right-large:2.88%;--awb-margin-bottom-large:20px;--awb-spacing-left-large:2.88%;--awb-width-medium:66.666666666667%;--awb-order-medium:0;--awb-spacing-right-medium:2.88%;--awb-spacing-left-medium:2.88%;--awb-width-small:100%;--awb-order-small:0;--awb-spacing-right-small:1.92%;--awb-spacing-left-small:1.92%;\"><div class=\"fusion-column-wrapper fusion-column-has-shadow fusion-flex-justify-content-flex-start fusion-content-layout-column\"><div class=\"fusion-title title fusion-title-2 sep-underline sep-solid fusion-title-center fusion-title-text fusion-title-size-three\" style=\"--awb-margin-top-small:10px;--awb-margin-right-small:0px;--awb-margin-bottom-small:10px;--awb-margin-left-small:0px;\"><h3 class=\"fusion-title-heading title-heading-center\" style=\"margin:0;\">Saison 2025-2026<\/h3><\/div><div class=\"fusion-image-element \" style=\"text-align:center;--awb-caption-title-font-family:var(--h2_typography-font-family);--awb-caption-title-font-weight:var(--h2_typography-font-weight);--awb-caption-title-font-style:var(--h2_typography-font-style);--awb-caption-title-size:var(--h2_typography-font-size);--awb-caption-title-transform:var(--h2_typography-text-transform);--awb-caption-title-line-height:var(--h2_typography-line-height);--awb-caption-title-letter-spacing:var(--h2_typography-letter-spacing);\"><span class=\" fusion-imageframe imageframe-none imageframe-1 hover-type-none\"><a href=\"https:\/\/www.fcer.ch\/wp-content\/uploads\/FC_Echallens_2024_Equipe_I-scaled.jpg\" class=\"fusion-lightbox\" data-rel=\"iLightbox[56e35df04224b7a88ec]\" data-title=\"FC_Echallens_2024_Equipe_I\" title=\"Equipe_01\"><img decoding=\"async\" width=\"1024\" height=\"682\" src=\"https:\/\/www.fcer.ch\/wp-content\/uploads\/Equipe_01-1024x682.jpeg\" alt class=\"img-responsive wp-image-9908\" srcset=\"https:\/\/www.fcer.ch\/wp-content\/uploads\/Equipe_01-200x133.jpeg 200w, https:\/\/www.fcer.ch\/wp-content\/uploads\/Equipe_01-400x267.jpeg 400w, https:\/\/www.fcer.ch\/wp-content\/uploads\/Equipe_01-600x400.jpeg 600w, https:\/\/www.fcer.ch\/wp-content\/uploads\/Equipe_01-800x533.jpeg 800w, https:\/\/www.fcer.ch\/wp-content\/uploads\/Equipe_01-1200x800.jpeg 1200w, https:\/\/www.fcer.ch\/wp-content\/uploads\/Equipe_01.jpeg 1280w\" sizes=\"(max-width: 640px) 100vw, 800px\" \/><\/a><\/span><\/div><div class=\"fusion-title title fusion-title-3 sep-underline sep-solid fusion-title-text fusion-title-size-two\" style=\"--awb-margin-top-small:10px;--awb-margin-right-small:0px;--awb-margin-bottom-small:10px;--awb-margin-left-small:0px;\"><h2 class=\"fusion-title-heading title-heading-left\" style=\"margin:0;\">Staff technique<\/h2><\/div><ul style=\"--awb-line-height:27.2px;--awb-icon-width:27.2px;--awb-icon-height:27.2px;--awb-icon-margin:11.2px;--awb-content-margin:38.4px;--awb-circlecolor:#65bc7b;--awb-circle-yes-font-size:14.08px;\" class=\"fusion-checklist fusion-checklist-1 fusion-checklist-default type-icons\"><li class=\"fusion-li-item\" style=\"\"><span class=\"icon-wrapper circle-yes\"><i class=\"fusion-li-icon fa-angle-right fas\" aria-hidden=\"true\"><\/i><\/span><div class=\"fusion-li-item-content\">\n<div>Entra\u00eeneur<\/div>\n<div>\n<p>ALMEIDA Fabio<\/p>\n<\/div>\n<\/div><\/li><li class=\"fusion-li-item\" style=\"\"><span class=\"icon-wrapper circle-yes\"><i class=\"fusion-li-icon fa-angle-right fas\" aria-hidden=\"true\"><\/i><\/span><div class=\"fusion-li-item-content\">\n<p>Assistants<br \/>\nREIS Gilberto &amp; YAMAN Fatih<\/p>\n<\/div><\/li><li class=\"fusion-li-item\" style=\"\"><span class=\"icon-wrapper circle-yes\"><i class=\"fusion-li-icon fa-angle-right fas\" aria-hidden=\"true\"><\/i><\/span><div class=\"fusion-li-item-content\">Entra\u00eeneur des gardiens<br \/>\nFavre Anthony<\/div><\/li><li class=\"fusion-li-item\" style=\"\"><span class=\"icon-wrapper circle-yes\"><i class=\"fusion-li-icon fa-angle-right fas\" aria-hidden=\"true\"><\/i><\/span><div class=\"fusion-li-item-content\">\n<div>Analyste vid\u00e9o<\/div>\n<p>VIEIRA MOREIRA Andr\u00e9 Le\u00e3o<\/div><\/li><li class=\"fusion-li-item\" style=\"\"><span class=\"icon-wrapper circle-yes\"><i class=\"fusion-li-icon fa-angle-right fas\" aria-hidden=\"true\"><\/i><\/span><div class=\"fusion-li-item-content\">Masseur<br \/>\nSTAUB Christian<\/div><\/li><li class=\"fusion-li-item\" style=\"\"><span class=\"icon-wrapper circle-yes\"><i class=\"fusion-li-icon fa-angle-right fas\" aria-hidden=\"true\"><\/i><\/span><div class=\"fusion-li-item-content\">\n<p>Physioth\u00e9rapeute<br \/>\nCOULON Cl\u00e9ment<\/p>\n<\/div><\/li><li class=\"fusion-li-item\" style=\"\"><span class=\"icon-wrapper circle-yes\"><i class=\"fusion-li-icon fa-angle-right fas\" aria-hidden=\"true\"><\/i><\/span><div class=\"fusion-li-item-content\">Responsable technique<br \/>\nGASIC Stevo<\/div><\/li><li class=\"fusion-li-item\" style=\"\"><span class=\"icon-wrapper circle-yes\"><i class=\"fusion-li-icon fa-angle-right fas\" aria-hidden=\"true\"><\/i><\/span><div class=\"fusion-li-item-content\">\n<div>Team Manager<\/div>\n<div>\n<p>BORDIN Gilles<\/p>\n<\/div>\n<\/div><\/li><li class=\"fusion-li-item\" style=\"\"><span class=\"icon-wrapper circle-yes\"><i class=\"fusion-li-icon fa-angle-right fas\" aria-hidden=\"true\"><\/i><\/span><div class=\"fusion-li-item-content\">Directeur sportif<br \/>\nTENTHOREY David<\/div><\/li><\/ul><div class=\"fusion-separator fusion-full-width-sep\" style=\"align-self: center;margin-left: auto;margin-right: auto;margin-bottom:50px;width:100%;\"><\/div><div class=\"fusion-title title fusion-title-4 sep-underline sep-solid fusion-title-text fusion-title-size-two\" style=\"--awb-margin-top-small:10px;--awb-margin-right-small:0px;--awb-margin-bottom-small:10px;--awb-margin-left-small:0px;\"><h2 class=\"fusion-title-heading title-heading-left\" style=\"margin:0;\">Terrain<\/h2><\/div><div class=\"fusion-text fusion-text-1\"><p>L\u2019\u00e9quipe s\u2019entra\u00eene et joue \u00e0 Echallens.<\/p>\n<\/div><div class=\"fusion-title title fusion-title-5 sep-underline sep-solid fusion-title-text fusion-title-size-two\" style=\"--awb-margin-top-small:10px;--awb-margin-right-small:0px;--awb-margin-bottom-small:10px;--awb-margin-left-small:0px;\"><h2 class=\"fusion-title-heading title-heading-left\" style=\"margin:0;\">Joueurs<\/h2><\/div><ul style=\"--awb-iconcolor:#65bc7b;--awb-line-height:27.2px;--awb-icon-width:27.2px;--awb-icon-height:27.2px;--awb-icon-margin:11.2px;--awb-content-margin:38.4px;\" class=\"fusion-checklist fusion-checklist-2 fusion-checklist-default type-icons\"><li class=\"fusion-li-item\" style=\"\"><span class=\"icon-wrapper circle-no\"><i class=\"fusion-li-icon fa-futbol far\" aria-hidden=\"true\"><\/i><\/span><div class=\"fusion-li-item-content\">AGODEY Jordan<\/div><\/li><li class=\"fusion-li-item\" style=\"\"><span class=\"icon-wrapper circle-no\"><i class=\"fusion-li-icon fa-futbol far\" aria-hidden=\"true\"><\/i><\/span><div class=\"fusion-li-item-content\">CHAVANNE Tristan<\/div><\/li><li class=\"fusion-li-item\" style=\"\"><span class=\"icon-wrapper circle-no\"><i class=\"fusion-li-icon fa-futbol far\" aria-hidden=\"true\"><\/i><\/span><div class=\"fusion-li-item-content\">KOSTADINOVIC Zivko<\/div><\/li><li class=\"fusion-li-item\" style=\"\"><span class=\"icon-wrapper circle-no\"><i class=\"fusion-li-icon fa-futbol far\" aria-hidden=\"true\"><\/i><\/span><div class=\"fusion-li-item-content\">\n<p>GOMES GONCALVES Stephane<\/p>\n<\/div><\/li><li class=\"fusion-li-item\" style=\"\"><span class=\"icon-wrapper circle-no\"><i class=\"fusion-li-icon fa-futbol far\" aria-hidden=\"true\"><\/i><\/span><div class=\"fusion-li-item-content\">IANIGRO Danilo<\/div><\/li><li class=\"fusion-li-item\" style=\"\"><span class=\"icon-wrapper circle-no\"><i class=\"fusion-li-icon fa-futbol far\" aria-hidden=\"true\"><\/i><\/span><div class=\"fusion-li-item-content\">JATON Nathan<\/div><\/li><li class=\"fusion-li-item\" style=\"\"><span class=\"icon-wrapper circle-no\"><i class=\"fusion-li-icon fa-futbol far\" aria-hidden=\"true\"><\/i><\/span><div class=\"fusion-li-item-content\">\n<p>JORGE CASTELLINO Eric<\/p>\n<\/div><\/li><li class=\"fusion-li-item\" style=\"\"><span class=\"icon-wrapper circle-no\"><i class=\"fusion-li-icon fa-futbol far\" aria-hidden=\"true\"><\/i><\/span><div class=\"fusion-li-item-content\">\n<p>LIMA Jonathan<\/p>\n<\/div><\/li><li class=\"fusion-li-item\" style=\"\"><span class=\"icon-wrapper circle-no\"><i class=\"fusion-li-icon fa-futbol far\" aria-hidden=\"true\"><\/i><\/span><div class=\"fusion-li-item-content\">\n<p>LOPEZ RULLO Hugo<\/p>\n<\/div><\/li><li class=\"fusion-li-item\" style=\"\"><span class=\"icon-wrapper circle-no\"><i class=\"fusion-li-icon fa-futbol far\" aria-hidden=\"true\"><\/i><\/span><div class=\"fusion-li-item-content\">\n<p>MORARD Arnaud<\/p>\n<\/div><\/li><li class=\"fusion-li-item\" style=\"\"><span class=\"icon-wrapper circle-no\"><i class=\"fusion-li-icon fa-futbol far\" aria-hidden=\"true\"><\/i><\/span><div class=\"fusion-li-item-content\">\n<p>MUTOMBO Diego<\/p>\n<\/div><\/li><li class=\"fusion-li-item\" style=\"\"><span class=\"icon-wrapper circle-no\"><i class=\"fusion-li-icon fa-futbol far\" aria-hidden=\"true\"><\/i><\/span><div class=\"fusion-li-item-content\">\n<p>\u00d6ZCAN Ahmet Alper<\/p>\n<\/div><\/li><li class=\"fusion-li-item\" style=\"\"><span class=\"icon-wrapper circle-no\"><i class=\"fusion-li-icon fa-futbol far\" aria-hidden=\"true\"><\/i><\/span><div class=\"fusion-li-item-content\">\n<p>PAULOS DOS SANTOS Diogo<\/p>\n<\/div><\/li><li class=\"fusion-li-item\" style=\"\"><span class=\"icon-wrapper circle-no\"><i class=\"fusion-li-icon fa-futbol far\" aria-hidden=\"true\"><\/i><\/span><div class=\"fusion-li-item-content\">\n<p>VALLE Lucas<\/p>\n<\/div><\/li><li class=\"fusion-li-item\" style=\"\"><span class=\"icon-wrapper circle-no\"><i class=\"fusion-li-icon fa-futbol far\" aria-hidden=\"true\"><\/i><\/span><div class=\"fusion-li-item-content\">JOSEPH Julien<\/div><\/li><li class=\"fusion-li-item\" style=\"\"><span class=\"icon-wrapper circle-no\"><i class=\"fusion-li-icon fa-futbol far\" aria-hidden=\"true\"><\/i><\/span><div class=\"fusion-li-item-content\">\n<p>ROCHAT Th\u00e9o<\/p>\n<\/div><\/li><li class=\"fusion-li-item\" style=\"\"><span class=\"icon-wrapper circle-no\"><i class=\"fusion-li-icon fa-futbol far\" aria-hidden=\"true\"><\/i><\/span><div class=\"fusion-li-item-content\">\n<p>DJALLO Elhadj<\/p>\n<\/div><\/li><li class=\"fusion-li-item\" style=\"\"><span class=\"icon-wrapper circle-no\"><i class=\"fusion-li-icon fa-futbol far\" aria-hidden=\"true\"><\/i><\/span><div class=\"fusion-li-item-content\">\n<p>IFASO Djove<\/p>\n<\/div><\/li><li class=\"fusion-li-item\" style=\"\"><span class=\"icon-wrapper circle-no\"><i class=\"fusion-li-icon fa-futbol far\" aria-hidden=\"true\"><\/i><\/span><div class=\"fusion-li-item-content\">\n<p>KAESER Ben<\/p>\n<\/div><\/li><li class=\"fusion-li-item\" style=\"\"><span class=\"icon-wrapper circle-no\"><i class=\"fusion-li-icon fa-futbol far\" aria-hidden=\"true\"><\/i><\/span><div class=\"fusion-li-item-content\">BURGAT S\u00e9bastien<\/div><\/li><\/ul><\/div><\/div><div class=\"fusion-layout-column fusion_builder_column fusion-builder-column-2 fusion_builder_column_1_3 1_3 fusion-flex-column fusion-flex-align-self-stretch\" style=\"--awb-bg-size:cover;--awb-width-large:33.333333333333%;--awb-margin-top-large:0px;--awb-spacing-right-large:5.76%;--awb-margin-bottom-large:20px;--awb-spacing-left-large:60px;--awb-width-medium:33.333333333333%;--awb-order-medium:0;--awb-spacing-right-medium:5.76%;--awb-spacing-left-medium:60px;--awb-width-small:100%;--awb-order-small:0;--awb-spacing-right-small:1.92%;--awb-spacing-left-small:1.92%;\" data-scroll-devices=\"small-visibility,medium-visibility,large-visibility\"><div class=\"fusion-column-wrapper fusion-column-has-shadow fusion-flex-justify-content-flex-start fusion-content-layout-column\"><div class=\"fusion-image-carousel fusion-image-carousel-auto fusion-image-carousel-1\"><div class=\"awb-carousel awb-swiper awb-swiper-carousel awb-carousel--carousel awb-swiper-dots-position-bottom\" data-layout=\"carousel\" data-autoplay=\"yes\" data-autoplayspeed=\"2500\" data-autoplaypause=\"no\" data-loop=\"yes\" data-columns=\"1\" data-columnsmedium=\"1\" data-columnssmall=\"1\" data-itemmargin=\"15\" data-itemwidth=\"180\" data-touchscroll=\"no\" data-freemode=\"no\" data-imagesize=\"auto\" data-scrollitems=\"1\" data-centeredslides=\"no\" data-rotationangle=\"50\" data-depth=\"100\" data-speed=\"500\" data-shadow=\"no\" data-pagination=\"bullets\" style=\"--awb-columns:1;--awb-column-spacing:15px;\"><div class=\"swiper-wrapper awb-image-carousel-wrapper fusion-flex-align-items-center\"><div class=\"swiper-slide\"><div class=\"fusion-carousel-item-wrapper\"><div class=\"fusion-image-wrapper hover-type-none\"><a href=\"https:\/\/lesdelicesdutalent.ch\/\" target=\"_blank\" rel=\"noopener noreferrer\"><img decoding=\"async\" width=\"500\" height=\"250\" src=\"https:\/\/www.fcer.ch\/wp-content\/uploads\/2022-delice-talent.png\" class=\"attachment-full size-full\" alt=\"\" srcset=\"https:\/\/www.fcer.ch\/wp-content\/uploads\/2022-delice-talent-200x100.png 200w, https:\/\/www.fcer.ch\/wp-content\/uploads\/2022-delice-talent-300x150.png 300w, https:\/\/www.fcer.ch\/wp-content\/uploads\/2022-delice-talent-400x200.png 400w, https:\/\/www.fcer.ch\/wp-content\/uploads\/2022-delice-talent.png 500w\" sizes=\"(max-width: 500px) 100vw, 500px\" \/><\/a><\/div><\/div><\/div><div class=\"swiper-slide\"><div class=\"fusion-carousel-item-wrapper\"><div class=\"fusion-image-wrapper hover-type-none\"><a href=\"https:\/\/www.tec-laser.ch\/\" target=\"_blank\" rel=\"noopener noreferrer\"><img decoding=\"async\" width=\"500\" height=\"250\" src=\"https:\/\/www.fcer.ch\/wp-content\/uploads\/2022-technique-laser.png\" class=\"attachment-full size-full\" alt=\"\" srcset=\"https:\/\/www.fcer.ch\/wp-content\/uploads\/2022-technique-laser-200x100.png 200w, https:\/\/www.fcer.ch\/wp-content\/uploads\/2022-technique-laser-300x150.png 300w, https:\/\/www.fcer.ch\/wp-content\/uploads\/2022-technique-laser-400x200.png 400w, https:\/\/www.fcer.ch\/wp-content\/uploads\/2022-technique-laser.png 500w\" sizes=\"(max-width: 500px) 100vw, 500px\" \/><\/a><\/div><\/div><\/div><div class=\"swiper-slide\"><div class=\"fusion-carousel-item-wrapper\"><div class=\"fusion-image-wrapper hover-type-none\"><a href=\"https:\/\/www.boulangerieclement.ch\/\" target=\"_blank\" rel=\"noopener noreferrer\"><img decoding=\"async\" width=\"500\" height=\"250\" src=\"https:\/\/www.fcer.ch\/wp-content\/uploads\/2022-clement.png\" class=\"attachment-full size-full\" alt=\"\" srcset=\"https:\/\/www.fcer.ch\/wp-content\/uploads\/2022-clement-200x100.png 200w, https:\/\/www.fcer.ch\/wp-content\/uploads\/2022-clement-300x150.png 300w, https:\/\/www.fcer.ch\/wp-content\/uploads\/2022-clement-400x200.png 400w, https:\/\/www.fcer.ch\/wp-content\/uploads\/2022-clement.png 500w\" sizes=\"(max-width: 500px) 100vw, 500px\" \/><\/a><\/div><\/div><\/div><div class=\"swiper-slide\"><div class=\"fusion-carousel-item-wrapper\"><div class=\"fusion-image-wrapper hover-type-none\"><a href=\"https:\/\/www.orllati.ch\/\" target=\"_blank\" rel=\"noopener noreferrer\"><img decoding=\"async\" width=\"500\" height=\"250\" src=\"https:\/\/www.fcer.ch\/wp-content\/uploads\/2022-orllati.png\" class=\"attachment-full size-full\" alt=\"\" srcset=\"https:\/\/www.fcer.ch\/wp-content\/uploads\/2022-orllati-200x100.png 200w, https:\/\/www.fcer.ch\/wp-content\/uploads\/2022-orllati-300x150.png 300w, https:\/\/www.fcer.ch\/wp-content\/uploads\/2022-orllati-400x200.png 400w, https:\/\/www.fcer.ch\/wp-content\/uploads\/2022-orllati.png 500w\" sizes=\"(max-width: 500px) 100vw, 500px\" \/><\/a><\/div><\/div><\/div><\/div><\/div><\/div><style>\n #div-id{\n    border   : none;\n    width    : 100%;\n    height   : 1600px;\n    position : relative;\n    overflow : hidden;\n}\n #iframe-id{\n    position : absolute;\n    top      : -800px;\n    left     : 0px;\n    width    : 100%;\n    height   : 200vh;\n}\n<\/style>\n<div id=\"div-id\">\n <iframe src=\"https:\/\/widget.football.ch\/fr\/Widgets.aspx\/v-1066\/t-35044\/a-trr\/\" id=\"iframe-id\" scrolling=\"YES\"><\/iframe>\n<\/div><\/div><\/div><\/div><\/div><\/p>\n","protected":false},"excerpt":{"rendered":"","protected":false},"author":4,"featured_media":0,"parent":19,"menu_order":0,"comment_status":"closed","ping_status":"closed","template":"","meta":{"footnotes":""},"class_list":["post-21","page","type-page","status-publish","hentry"],"yoast_head":"<!-- This site is optimized with the Yoast SEO plugin v27.4 - https:\/\/yoast.com\/product\/yoast-seo-wordpress\/ -->\n<title>M 1 - FC Echallens R\u00e9gion<\/title>\n<meta name=\"description\" content=\"Tout sur la premi\u00e8re \u00e9quipe masculine du FC Echallens R\u00e9gion\" \/>\n<meta name=\"robots\" content=\"index, follow, max-snippet:-1, max-image-preview:large, max-video-preview:-1\" \/>\n<link rel=\"canonical\" href=\"https:\/\/www.fcer.ch\/index.php\/equipes\/m1\/\" \/>\n<meta property=\"og:locale\" content=\"fr_FR\" \/>\n<meta property=\"og:type\" content=\"article\" \/>\n<meta property=\"og:title\" content=\"M 1 - FC Echallens R\u00e9gion\" \/>\n<meta property=\"og:description\" content=\"Tout sur la premi\u00e8re \u00e9quipe masculine du FC Echallens R\u00e9gion\" \/>\n<meta property=\"og:url\" content=\"https:\/\/www.fcer.ch\/index.php\/equipes\/m1\/\" \/>\n<meta property=\"og:site_name\" content=\"FC Echallens R\u00e9gion\" \/>\n<meta property=\"article:modified_time\" content=\"2026-02-09T11:32:00+00:00\" \/>\n<meta name=\"twitter:card\" content=\"summary_large_image\" \/>\n<meta name=\"twitter:label1\" content=\"Dur\u00e9e de lecture estim\u00e9e\" \/>\n\t<meta name=\"twitter:data1\" content=\"2 minutes\" \/>\n<script type=\"application\/ld+json\" class=\"yoast-schema-graph\">{\"@context\":\"https:\\\/\\\/schema.org\",\"@graph\":[{\"@type\":\"WebPage\",\"@id\":\"https:\\\/\\\/www.fcer.ch\\\/index.php\\\/equipes\\\/m1\\\/\",\"url\":\"https:\\\/\\\/www.fcer.ch\\\/index.php\\\/equipes\\\/m1\\\/\",\"name\":\"M 1 - FC Echallens R\u00e9gion\",\"isPartOf\":{\"@id\":\"https:\\\/\\\/www.fcer.ch\\\/#website\"},\"datePublished\":\"2021-07-30T07:00:52+00:00\",\"dateModified\":\"2026-02-09T11:32:00+00:00\",\"description\":\"Tout sur la premi\u00e8re \u00e9quipe masculine du FC Echallens R\u00e9gion\",\"breadcrumb\":{\"@id\":\"https:\\\/\\\/www.fcer.ch\\\/index.php\\\/equipes\\\/m1\\\/#breadcrumb\"},\"inLanguage\":\"fr-FR\",\"potentialAction\":[{\"@type\":\"ReadAction\",\"target\":[\"https:\\\/\\\/www.fcer.ch\\\/index.php\\\/equipes\\\/m1\\\/\"]}]},{\"@type\":\"BreadcrumbList\",\"@id\":\"https:\\\/\\\/www.fcer.ch\\\/index.php\\\/equipes\\\/m1\\\/#breadcrumb\",\"itemListElement\":[{\"@type\":\"ListItem\",\"position\":1,\"name\":\"Accueil\",\"item\":\"https:\\\/\\\/www.fcer.ch\\\/\"},{\"@type\":\"ListItem\",\"position\":2,\"name\":\"Equipes\",\"item\":\"https:\\\/\\\/www.fcer.ch\\\/index.php\\\/equipes\\\/\"},{\"@type\":\"ListItem\",\"position\":3,\"name\":\"M 1\"}]},{\"@type\":\"WebSite\",\"@id\":\"https:\\\/\\\/www.fcer.ch\\\/#website\",\"url\":\"https:\\\/\\\/www.fcer.ch\\\/\",\"name\":\"FC Echallens R\u00e9gion\",\"description\":\"Une r\u00e9gion ... une passion !\",\"potentialAction\":[{\"@type\":\"SearchAction\",\"target\":{\"@type\":\"EntryPoint\",\"urlTemplate\":\"https:\\\/\\\/www.fcer.ch\\\/?s={search_term_string}\"},\"query-input\":{\"@type\":\"PropertyValueSpecification\",\"valueRequired\":true,\"valueName\":\"search_term_string\"}}],\"inLanguage\":\"fr-FR\"}]}<\/script>\n<!-- \/ Yoast SEO plugin. -->","yoast_head_json":{"title":"M 1 - FC Echallens R\u00e9gion","description":"Tout sur la premi\u00e8re \u00e9quipe masculine du FC Echallens R\u00e9gion","robots":{"index":"index","follow":"follow","max-snippet":"max-snippet:-1","max-image-preview":"max-image-preview:large","max-video-preview":"max-video-preview:-1"},"canonical":"https:\/\/www.fcer.ch\/index.php\/equipes\/m1\/","og_locale":"fr_FR","og_type":"article","og_title":"M 1 - FC Echallens R\u00e9gion","og_description":"Tout sur la premi\u00e8re \u00e9quipe masculine du FC Echallens R\u00e9gion","og_url":"https:\/\/www.fcer.ch\/index.php\/equipes\/m1\/","og_site_name":"FC Echallens R\u00e9gion","article_modified_time":"2026-02-09T11:32:00+00:00","twitter_card":"summary_large_image","twitter_misc":{"Dur\u00e9e de lecture estim\u00e9e":"2 minutes"},"schema":{"@context":"https:\/\/schema.org","@graph":[{"@type":"WebPage","@id":"https:\/\/www.fcer.ch\/index.php\/equipes\/m1\/","url":"https:\/\/www.fcer.ch\/index.php\/equipes\/m1\/","name":"M 1 - FC Echallens R\u00e9gion","isPartOf":{"@id":"https:\/\/www.fcer.ch\/#website"},"datePublished":"2021-07-30T07:00:52+00:00","dateModified":"2026-02-09T11:32:00+00:00","description":"Tout sur la premi\u00e8re \u00e9quipe masculine du FC Echallens R\u00e9gion","breadcrumb":{"@id":"https:\/\/www.fcer.ch\/index.php\/equipes\/m1\/#breadcrumb"},"inLanguage":"fr-FR","potentialAction":[{"@type":"ReadAction","target":["https:\/\/www.fcer.ch\/index.php\/equipes\/m1\/"]}]},{"@type":"BreadcrumbList","@id":"https:\/\/www.fcer.ch\/index.php\/equipes\/m1\/#breadcrumb","itemListElement":[{"@type":"ListItem","position":1,"name":"Accueil","item":"https:\/\/www.fcer.ch\/"},{"@type":"ListItem","position":2,"name":"Equipes","item":"https:\/\/www.fcer.ch\/index.php\/equipes\/"},{"@type":"ListItem","position":3,"name":"M 1"}]},{"@type":"WebSite","@id":"https:\/\/www.fcer.ch\/#website","url":"https:\/\/www.fcer.ch\/","name":"FC Echallens R\u00e9gion","description":"Une r\u00e9gion ... une passion !","potentialAction":[{"@type":"SearchAction","target":{"@type":"EntryPoint","urlTemplate":"https:\/\/www.fcer.ch\/?s={search_term_string}"},"query-input":{"@type":"PropertyValueSpecification","valueRequired":true,"valueName":"search_term_string"}}],"inLanguage":"fr-FR"}]}},"_links":{"self":[{"href":"https:\/\/www.fcer.ch\/index.php\/wp-json\/wp\/v2\/pages\/21","targetHints":{"allow":["GET"]}}],"collection":[{"href":"https:\/\/www.fcer.ch\/index.php\/wp-json\/wp\/v2\/pages"}],"about":[{"href":"https:\/\/www.fcer.ch\/index.php\/wp-json\/wp\/v2\/types\/page"}],"author":[{"embeddable":true,"href":"https:\/\/www.fcer.ch\/index.php\/wp-json\/wp\/v2\/users\/4"}],"replies":[{"embeddable":true,"href":"https:\/\/www.fcer.ch\/index.php\/wp-json\/wp\/v2\/comments?post=21"}],"version-history":[{"count":0,"href":"https:\/\/www.fcer.ch\/index.php\/wp-json\/wp\/v2\/pages\/21\/revisions"}],"up":[{"embeddable":true,"href":"https:\/\/www.fcer.ch\/index.php\/wp-json\/wp\/v2\/pages\/19"}],"wp:attachment":[{"href":"https:\/\/www.fcer.ch\/index.php\/wp-json\/wp\/v2\/media?parent=21"}],"curies":[{"name":"wp","href":"https:\/\/api.w.org\/{rel}","templated":true}]}}