{"id":25,"date":"2021-07-30T12:00:16","date_gmt":"2021-07-30T10:00:16","guid":{"rendered":"https:\/\/www.fcer.ch\/?page_id=25"},"modified":"2026-02-09T12:34:46","modified_gmt":"2026-02-09T11:34:46","slug":"f1","status":"publish","type":"page","link":"https:\/\/www.fcer.ch\/index.php\/equipes\/f1\/","title":{"rendered":"F 1"},"content":{"rendered":"<div class=\"fusion-fullwidth fullwidth-box fusion-builder-row-1 fusion-flex-container nonhundred-percent-fullwidth non-hundred-percent-height-scrolling\" style=\"--awb-border-radius-top-left:0px;--awb-border-radius-top-right:0px;--awb-border-radius-bottom-right:0px;--awb-border-radius-bottom-left:0px;--awb-flex-wrap:wrap;\" ><div class=\"fusion-builder-row fusion-row fusion-flex-align-items-flex-start fusion-flex-content-wrap\" style=\"max-width:1248px;margin-left: calc(-4% \/ 2 );margin-right: calc(-4% \/ 2 );\"><div class=\"fusion-layout-column fusion_builder_column fusion-builder-column-0 fusion_builder_column_1_1 1_1 fusion-flex-column\" style=\"--awb-bg-size:cover;--awb-width-large:100%;--awb-margin-top-large:0px;--awb-spacing-right-large:1.92%;--awb-margin-bottom-large:20px;--awb-spacing-left-large:1.92%;--awb-width-medium:100%;--awb-order-medium:0;--awb-spacing-right-medium:1.92%;--awb-spacing-left-medium:1.92%;--awb-width-small:100%;--awb-order-small:0;--awb-spacing-right-small:1.92%;--awb-spacing-left-small:1.92%;\"><div class=\"fusion-column-wrapper fusion-column-has-shadow fusion-flex-justify-content-flex-start fusion-content-layout-column\"><div class=\"fusion-title title fusion-title-1 sep-underline sep-solid fusion-title-text fusion-title-size-one\" style=\"--awb-margin-bottom:25px;--awb-margin-top-small:10px;--awb-margin-right-small:0px;--awb-margin-bottom-small:10px;--awb-margin-left-small:0px;\"><h1 class=\"fusion-title-heading title-heading-left\" style=\"margin:0;\">3<sup>\u00e8me<\/sup> ligue f\u00e9minine<\/h1><\/div><div class=\"fusion-title title fusion-title-2 fusion-sep-none fusion-title-center fusion-title-text fusion-title-size-two\" style=\"--awb-margin-top-small:10px;--awb-margin-right-small:0px;--awb-margin-bottom-small:10px;--awb-margin-left-small:0px;\"><h2 class=\"fusion-title-heading title-heading-center\" style=\"margin:0;\"><h3 class=\"fusion-title-heading title-heading-center fusion-live-editable medium-editor-element\" role=\"textbox\" contenteditable=\"true\" spellcheck=\"true\" data-inline-parent-cid=\"5\" data-inline-override-color=\"text_color\" data-inline-override-font-size=\"font_size\" data-inline-override-line-height=\"line_height\" data-inline-override-letter-spacing=\"letter_spacing\" data-inline-override-tag=\"size\" data-toolbar=\"full\" data-param=\"element_content\" data-medium-editor-element=\"true\" aria-multiline=\"true\" data-medium-editor-editor-index=\"1\" data-placeholder=\"Your Content Goes Here\" data-medium-focused=\"true\">Sponsor principal du football f\u00e9minin du FC Echallens R\u00e9gion<\/h3><\/h2><\/div><div class=\"fusion-image-element \" style=\"text-align:center;--awb-caption-title-font-family:var(--h2_typography-font-family);--awb-caption-title-font-weight:var(--h2_typography-font-weight);--awb-caption-title-font-style:var(--h2_typography-font-style);--awb-caption-title-size:var(--h2_typography-font-size);--awb-caption-title-transform:var(--h2_typography-text-transform);--awb-caption-title-line-height:var(--h2_typography-line-height);--awb-caption-title-letter-spacing:var(--h2_typography-letter-spacing);\"><span class=\" fusion-imageframe imageframe-none imageframe-1 hover-type-none\"><a class=\"fusion-no-lightbox\" href=\"https:\/\/www.orllati.ch\/\" target=\"_blank\" aria-label=\"2022-orllati\" rel=\"noopener noreferrer\"><img decoding=\"async\" width=\"300\" height=\"150\" src=\"https:\/\/www.fcer.ch\/wp-content\/uploads\/2022-orllati-300x150.png\" alt class=\"img-responsive wp-image-7495\" srcset=\"https:\/\/www.fcer.ch\/wp-content\/uploads\/2022-orllati-200x100.png 200w, https:\/\/www.fcer.ch\/wp-content\/uploads\/2022-orllati-400x200.png 400w, https:\/\/www.fcer.ch\/wp-content\/uploads\/2022-orllati.png 500w\" sizes=\"(max-width: 640px) 100vw, 300px\" \/><\/a><\/span><\/div><\/div><\/div><div class=\"fusion-layout-column fusion_builder_column fusion-builder-column-1 fusion_builder_column_2_3 2_3 fusion-flex-column\" style=\"--awb-bg-size:cover;--awb-width-large:66.666666666667%;--awb-margin-top-large:0px;--awb-spacing-right-large:2.88%;--awb-margin-bottom-large:20px;--awb-spacing-left-large:2.88%;--awb-width-medium:66.666666666667%;--awb-order-medium:0;--awb-spacing-right-medium:2.88%;--awb-spacing-left-medium:2.88%;--awb-width-small:100%;--awb-order-small:0;--awb-spacing-right-small:1.92%;--awb-spacing-left-small:1.92%;\"><div class=\"fusion-column-wrapper fusion-column-has-shadow fusion-flex-justify-content-flex-start fusion-content-layout-column\"><div class=\"fusion-title title fusion-title-3 sep-underline sep-solid fusion-title-center fusion-title-text fusion-title-size-three\" style=\"--awb-margin-top-small:10px;--awb-margin-right-small:0px;--awb-margin-bottom-small:10px;--awb-margin-left-small:0px;\"><h3 class=\"fusion-title-heading title-heading-center\" style=\"margin:0;\">Saison 2025-2026<\/h3><\/div><div class=\"fusion-image-element \" style=\"text-align:center;--awb-caption-title-font-family:var(--h2_typography-font-family);--awb-caption-title-font-weight:var(--h2_typography-font-weight);--awb-caption-title-font-style:var(--h2_typography-font-style);--awb-caption-title-size:var(--h2_typography-font-size);--awb-caption-title-transform:var(--h2_typography-text-transform);--awb-caption-title-line-height:var(--h2_typography-line-height);--awb-caption-title-letter-spacing:var(--h2_typography-letter-spacing);\"><span class=\" fusion-imageframe imageframe-none imageframe-2 hover-type-none\"><a href=\"https:\/\/www.fcer.ch\/wp-content\/uploads\/Equipe_FF1-1024x682.jpeg\" class=\"fusion-lightbox\" data-rel=\"iLightbox[5b64d684501fd62f688]\" data-title=\"Equipe_FF1\" title=\"Equipe_FF1\"><img decoding=\"async\" width=\"1024\" height=\"682\" src=\"https:\/\/www.fcer.ch\/wp-content\/uploads\/Equipe_FF1-1024x682.jpeg\" alt class=\"img-responsive wp-image-9919\" srcset=\"https:\/\/www.fcer.ch\/wp-content\/uploads\/Equipe_FF1-200x133.jpeg 200w, https:\/\/www.fcer.ch\/wp-content\/uploads\/Equipe_FF1-400x267.jpeg 400w, https:\/\/www.fcer.ch\/wp-content\/uploads\/Equipe_FF1-600x400.jpeg 600w, https:\/\/www.fcer.ch\/wp-content\/uploads\/Equipe_FF1-800x533.jpeg 800w, https:\/\/www.fcer.ch\/wp-content\/uploads\/Equipe_FF1-1200x800.jpeg 1200w, https:\/\/www.fcer.ch\/wp-content\/uploads\/Equipe_FF1.jpeg 1280w\" sizes=\"(max-width: 640px) 100vw, 800px\" \/><\/a><\/span><\/div><div class=\"fusion-title title fusion-title-4 sep-underline sep-solid fusion-title-text fusion-title-size-two\" style=\"--awb-margin-top-small:10px;--awb-margin-right-small:0px;--awb-margin-bottom-small:10px;--awb-margin-left-small:0px;\"><h2 class=\"fusion-title-heading title-heading-left\" style=\"margin:0;\">Staff technique<\/h2><\/div><ul style=\"--awb-line-height:27.2px;--awb-icon-width:27.2px;--awb-icon-height:27.2px;--awb-icon-margin:11.2px;--awb-content-margin:38.4px;--awb-circlecolor:#65bc7b;--awb-circle-yes-font-size:14.08px;\" class=\"fusion-checklist fusion-checklist-1 fusion-checklist-default type-icons\"><li class=\"fusion-li-item\" style=\"\"><span class=\"icon-wrapper circle-yes\"><i class=\"fusion-li-icon fa-angle-right fas\" aria-hidden=\"true\"><\/i><\/span><div class=\"fusion-li-item-content\">\n<p>Entra\u00eeneur<br \/>\nVALENTI Giuseppe<\/p>\n<\/div><\/li><li class=\"fusion-li-item\" style=\"\"><span class=\"icon-wrapper circle-yes\"><i class=\"fusion-li-icon fa-angle-right fas\" aria-hidden=\"true\"><\/i><\/span><div class=\"fusion-li-item-content\">Entra\u00eeneur des gardiennes<br \/>\nBARBAY Vincent<\/div><\/li><\/ul><div class=\"fusion-title title fusion-title-5 sep-underline sep-solid fusion-title-text fusion-title-size-two\" style=\"--awb-margin-top-small:10px;--awb-margin-right-small:0px;--awb-margin-bottom-small:10px;--awb-margin-left-small:0px;\"><h2 class=\"fusion-title-heading title-heading-left\" style=\"margin:0;\">Terrain<\/h2><\/div><div class=\"fusion-text fusion-text-1\"><p>L\u2019\u00e9quipe s\u2019entra\u00eene et joue \u00e0 Echallens.<\/p>\n<\/div><div class=\"fusion-title title fusion-title-6 sep-underline sep-solid fusion-title-text fusion-title-size-two\" style=\"--awb-margin-top-small:10px;--awb-margin-right-small:0px;--awb-margin-bottom-small:10px;--awb-margin-left-small:0px;\"><h2 class=\"fusion-title-heading title-heading-left\" style=\"margin:0;\">Joueuses<\/h2><\/div>\n<table style=\"border-collapse: collapse; width: 550px; height: 864px;\" border=\"0\" width=\"240\" cellspacing=\"0\" cellpadding=\"0\">\n<tbody>\n<tr style=\"height: 14.5pt;\">\n<td style=\"height: 14.5pt; width: 60pt;\" width=\"80\" height=\"19\">Are<\/td>\n<td style=\"width: 60pt;\" width=\"80\">Luna<\/td>\n<td class=\"xl63\" style=\"width: 60pt;\" align=\"right\" width=\"80\">24.08.2004<\/td>\n<\/tr>\n<tr style=\"height: 14.5pt;\">\n<td style=\"height: 14.5pt;\" height=\"19\">Bamba<\/td>\n<td>Fatimata<\/td>\n<td class=\"xl63\" align=\"right\">05.12.2003<\/td>\n<\/tr>\n<tr style=\"height: 14.5pt;\">\n<td style=\"height: 14.5pt;\" height=\"19\">Bastian<\/td>\n<td>Nell<\/td>\n<td class=\"xl63\" align=\"right\">15.10.2003<\/td>\n<\/tr>\n<tr style=\"height: 14.5pt;\">\n<td style=\"height: 14.5pt;\" height=\"19\">Bertschi<\/td>\n<td>Laura<\/td>\n<td class=\"xl63\" align=\"right\">24.02.1997<\/td>\n<\/tr>\n<tr style=\"height: 14.5pt;\">\n<td style=\"height: 14.5pt;\" height=\"19\">Bichsel<\/td>\n<td>Emma<\/td>\n<td class=\"xl63\" align=\"right\">31.10.2004<\/td>\n<\/tr>\n<tr style=\"height: 14.5pt;\">\n<td style=\"height: 14.5pt;\" height=\"19\">Buensi<\/td>\n<td>Aaliyah<\/td>\n<td class=\"xl63\" align=\"right\">01.07.2002<\/td>\n<\/tr>\n<tr style=\"height: 14.5pt;\">\n<td style=\"height: 14.5pt;\" height=\"19\">Camera<\/td>\n<td>Margaux<\/td>\n<td class=\"xl63\" align=\"right\">28.03.1994<\/td>\n<\/tr>\n<tr style=\"height: 14.5pt;\">\n<td style=\"height: 14.5pt;\" height=\"19\">Capellan Merchan<\/td>\n<td>Isianny<\/td>\n<td class=\"xl63\" align=\"right\">14.10.2008<\/td>\n<\/tr>\n<tr style=\"height: 14.5pt;\">\n<td style=\"height: 14.5pt;\" height=\"19\">Cardoso<\/td>\n<td>Raquel<\/td>\n<td class=\"xl63\" align=\"right\">24.11.1993<\/td>\n<\/tr>\n<tr style=\"height: 14.5pt;\">\n<td style=\"height: 14.5pt;\" height=\"19\">Castro<\/td>\n<td>Valentine<\/td>\n<td class=\"xl63\" align=\"right\">14.04.2001<\/td>\n<\/tr>\n<tr style=\"height: 14.5pt;\">\n<td style=\"height: 14.5pt;\" height=\"19\">Chevalley<\/td>\n<td>Aur\u00e9lie<\/td>\n<td class=\"xl63\" align=\"right\">19.04.1994<\/td>\n<\/tr>\n<tr style=\"height: 14.5pt;\">\n<td style=\"height: 14.5pt;\" height=\"19\">De Almeida<\/td>\n<td>M\u00e9lanie<\/td>\n<td class=\"xl63\" align=\"right\">21.08.2000<\/td>\n<\/tr>\n<tr style=\"height: 14.5pt;\">\n<td style=\"height: 14.5pt;\" height=\"19\">Durban<\/td>\n<td>Axelle<\/td>\n<td class=\"xl63\" align=\"right\">25.02.1997<\/td>\n<\/tr>\n<tr style=\"height: 14.5pt;\">\n<td style=\"height: 14.5pt;\" height=\"19\">Fardel<\/td>\n<td>Z\u00e9lie<\/td>\n<td class=\"xl63\" align=\"right\">16.10.2007<\/td>\n<\/tr>\n<tr style=\"height: 14.5pt;\">\n<td style=\"height: 14.5pt;\" height=\"19\">Foric<\/td>\n<td>Fatima<\/td>\n<td class=\"xl63\" align=\"right\">05.08.2000<\/td>\n<\/tr>\n<tr style=\"height: 14.5pt;\">\n<td style=\"height: 14.5pt;\" height=\"19\">Gachoud<\/td>\n<td>Marine<\/td>\n<td class=\"xl63\" align=\"right\">11.05.2001<\/td>\n<\/tr>\n<tr style=\"height: 14.5pt;\">\n<td style=\"height: 14.5pt;\" height=\"19\">Gaille<\/td>\n<td>Emma<\/td>\n<td class=\"xl63\" align=\"right\">21.09.2004<\/td>\n<\/tr>\n<tr style=\"height: 14.5pt;\">\n<td style=\"height: 14.5pt;\" height=\"19\">Gonzalez<\/td>\n<td>Magali<\/td>\n<td class=\"xl63\" align=\"right\">01.12.2007<\/td>\n<\/tr>\n<tr style=\"height: 14.5pt;\">\n<td style=\"height: 14.5pt;\" height=\"19\">Gremay<\/td>\n<td>Oriane<\/td>\n<td class=\"xl63\" align=\"right\">02.10.2002<\/td>\n<\/tr>\n<tr style=\"height: 14.5pt;\">\n<td style=\"height: 14.5pt;\" height=\"19\">Grosso<\/td>\n<td>Mathilde<\/td>\n<td class=\"xl63\" align=\"right\">29.11.2000<\/td>\n<\/tr>\n<tr style=\"height: 14.5pt;\">\n<td style=\"height: 14.5pt;\" height=\"19\">Jeannin<\/td>\n<td>L\u00e9onie<\/td>\n<td class=\"xl63\" align=\"right\">10.05.2006<\/td>\n<\/tr>\n<tr style=\"height: 14.5pt;\">\n<td style=\"height: 14.5pt;\" height=\"19\">Mazzotta<\/td>\n<td>Alexia<\/td>\n<td class=\"xl63\" align=\"right\">18.10.2007<\/td>\n<\/tr>\n<tr style=\"height: 14.5pt;\">\n<td style=\"height: 14.5pt;\" height=\"19\">Mivelaz<\/td>\n<td>Elsa<\/td>\n<td class=\"xl63\" align=\"right\">19.11.1996<\/td>\n<\/tr>\n<tr style=\"height: 14.5pt;\">\n<td style=\"height: 14.5pt;\" height=\"19\">Montendon<\/td>\n<td>Rachel<\/td>\n<td class=\"xl63\" align=\"right\">28.04.1993<\/td>\n<\/tr>\n<tr style=\"height: 14.5pt;\">\n<td style=\"height: 14.5pt;\" height=\"19\">Monti<\/td>\n<td>Camille<\/td>\n<td class=\"xl63\" align=\"right\">24.10.1995<\/td>\n<\/tr>\n<tr style=\"height: 14.5pt;\">\n<td style=\"height: 14.5pt;\" height=\"19\">Morais<\/td>\n<td>Sara Da Luz<\/td>\n<td class=\"xl63\" align=\"right\">09.06.1996<\/td>\n<\/tr>\n<tr style=\"height: 14.5pt;\">\n<td style=\"height: 14.5pt;\" height=\"19\">Oppliger<\/td>\n<td>Aude<\/td>\n<td class=\"xl63\" align=\"right\">11.05.2000<\/td>\n<\/tr>\n<tr style=\"height: 14.5pt;\">\n<td style=\"height: 14.5pt;\" height=\"19\">Schlosser<\/td>\n<td>Manon<\/td>\n<td class=\"xl63\" align=\"right\">18.10.1999<\/td>\n<\/tr>\n<tr style=\"height: 14.5pt;\">\n<td style=\"height: 14.5pt;\" height=\"19\">Seixo<\/td>\n<td>Claudia Rafaela<\/td>\n<td class=\"xl63\" align=\"right\">12.10.2001<\/td>\n<\/tr>\n<tr style=\"height: 14.5pt;\">\n<td style=\"height: 14.5pt;\" height=\"19\">Silva Da Mota<\/td>\n<td>Gabriela<\/td>\n<td class=\"xl63\" align=\"right\">08.11.2006<\/td>\n<\/tr>\n<\/tbody>\n<\/table>\n<\/div><\/div><div class=\"fusion-layout-column fusion_builder_column fusion-builder-column-2 fusion_builder_column_1_3 1_3 fusion-flex-column\" style=\"--awb-bg-size:cover;--awb-width-large:33.333333333333%;--awb-margin-top-large:0px;--awb-spacing-right-large:5.76%;--awb-margin-bottom-large:20px;--awb-spacing-left-large:60px;--awb-width-medium:33.333333333333%;--awb-order-medium:0;--awb-spacing-right-medium:5.76%;--awb-spacing-left-medium:60px;--awb-width-small:100%;--awb-order-small:0;--awb-spacing-right-small:1.92%;--awb-spacing-left-small:1.92%;\"><div class=\"fusion-column-wrapper fusion-column-has-shadow fusion-flex-justify-content-flex-start fusion-content-layout-column\"><style>\n #div-id{\n    border   : none;\n    width    : 100%;\n    height   : 1600px;\n    position : relative;\n    overflow : hidden;\n}\n #iframe-id{\n    position : absolute;\n    top      : -800px;\n    left     : 0px;\n    width    : 100%;\n    height   : 200vh;\n}\n<\/style>\n<div id=\"div-id\">\n <iframe src=\"https:\/\/widget.football.ch\/fr\/Widgets.aspx\/v-1066\/t-61997\/a-trr\/\" id=\"iframe-id\" scrolling=\"YES\"><\/iframe>\n<\/div><\/div><\/div><\/div><\/div>\n","protected":false},"excerpt":{"rendered":"","protected":false},"author":4,"featured_media":0,"parent":19,"menu_order":0,"comment_status":"closed","ping_status":"closed","template":"","meta":{"footnotes":""},"class_list":["post-25","page","type-page","status-publish","hentry"],"yoast_head":"<!-- This site is optimized with the Yoast SEO plugin v27.4 - https:\/\/yoast.com\/product\/yoast-seo-wordpress\/ -->\n<title>F 1 - FC Echallens R\u00e9gion<\/title>\n<meta name=\"robots\" content=\"index, follow, max-snippet:-1, max-image-preview:large, max-video-preview:-1\" \/>\n<link rel=\"canonical\" href=\"https:\/\/www.fcer.ch\/index.php\/equipes\/f1\/\" \/>\n<meta property=\"og:locale\" content=\"fr_FR\" \/>\n<meta property=\"og:type\" content=\"article\" \/>\n<meta property=\"og:title\" content=\"F 1 - FC Echallens R\u00e9gion\" \/>\n<meta property=\"og:url\" content=\"https:\/\/www.fcer.ch\/index.php\/equipes\/f1\/\" \/>\n<meta property=\"og:site_name\" content=\"FC Echallens R\u00e9gion\" \/>\n<meta property=\"article:modified_time\" content=\"2026-02-09T11:34:46+00:00\" \/>\n<meta name=\"twitter:card\" content=\"summary_large_image\" \/>\n<meta name=\"twitter:label1\" content=\"Dur\u00e9e de lecture estim\u00e9e\" \/>\n\t<meta name=\"twitter:data1\" content=\"2 minutes\" \/>\n<script type=\"application\/ld+json\" class=\"yoast-schema-graph\">{\"@context\":\"https:\\\/\\\/schema.org\",\"@graph\":[{\"@type\":\"WebPage\",\"@id\":\"https:\\\/\\\/www.fcer.ch\\\/index.php\\\/equipes\\\/f1\\\/\",\"url\":\"https:\\\/\\\/www.fcer.ch\\\/index.php\\\/equipes\\\/f1\\\/\",\"name\":\"F 1 - FC Echallens R\u00e9gion\",\"isPartOf\":{\"@id\":\"https:\\\/\\\/www.fcer.ch\\\/#website\"},\"datePublished\":\"2021-07-30T10:00:16+00:00\",\"dateModified\":\"2026-02-09T11:34:46+00:00\",\"breadcrumb\":{\"@id\":\"https:\\\/\\\/www.fcer.ch\\\/index.php\\\/equipes\\\/f1\\\/#breadcrumb\"},\"inLanguage\":\"fr-FR\",\"potentialAction\":[{\"@type\":\"ReadAction\",\"target\":[\"https:\\\/\\\/www.fcer.ch\\\/index.php\\\/equipes\\\/f1\\\/\"]}]},{\"@type\":\"BreadcrumbList\",\"@id\":\"https:\\\/\\\/www.fcer.ch\\\/index.php\\\/equipes\\\/f1\\\/#breadcrumb\",\"itemListElement\":[{\"@type\":\"ListItem\",\"position\":1,\"name\":\"Accueil\",\"item\":\"https:\\\/\\\/www.fcer.ch\\\/\"},{\"@type\":\"ListItem\",\"position\":2,\"name\":\"Equipes\",\"item\":\"https:\\\/\\\/www.fcer.ch\\\/index.php\\\/equipes\\\/\"},{\"@type\":\"ListItem\",\"position\":3,\"name\":\"F 1\"}]},{\"@type\":\"WebSite\",\"@id\":\"https:\\\/\\\/www.fcer.ch\\\/#website\",\"url\":\"https:\\\/\\\/www.fcer.ch\\\/\",\"name\":\"FC Echallens R\u00e9gion\",\"description\":\"Une r\u00e9gion ... une passion !\",\"potentialAction\":[{\"@type\":\"SearchAction\",\"target\":{\"@type\":\"EntryPoint\",\"urlTemplate\":\"https:\\\/\\\/www.fcer.ch\\\/?s={search_term_string}\"},\"query-input\":{\"@type\":\"PropertyValueSpecification\",\"valueRequired\":true,\"valueName\":\"search_term_string\"}}],\"inLanguage\":\"fr-FR\"}]}<\/script>\n<!-- \/ Yoast SEO plugin. -->","yoast_head_json":{"title":"F 1 - FC Echallens R\u00e9gion","robots":{"index":"index","follow":"follow","max-snippet":"max-snippet:-1","max-image-preview":"max-image-preview:large","max-video-preview":"max-video-preview:-1"},"canonical":"https:\/\/www.fcer.ch\/index.php\/equipes\/f1\/","og_locale":"fr_FR","og_type":"article","og_title":"F 1 - FC Echallens R\u00e9gion","og_url":"https:\/\/www.fcer.ch\/index.php\/equipes\/f1\/","og_site_name":"FC Echallens R\u00e9gion","article_modified_time":"2026-02-09T11:34:46+00:00","twitter_card":"summary_large_image","twitter_misc":{"Dur\u00e9e de lecture estim\u00e9e":"2 minutes"},"schema":{"@context":"https:\/\/schema.org","@graph":[{"@type":"WebPage","@id":"https:\/\/www.fcer.ch\/index.php\/equipes\/f1\/","url":"https:\/\/www.fcer.ch\/index.php\/equipes\/f1\/","name":"F 1 - FC Echallens R\u00e9gion","isPartOf":{"@id":"https:\/\/www.fcer.ch\/#website"},"datePublished":"2021-07-30T10:00:16+00:00","dateModified":"2026-02-09T11:34:46+00:00","breadcrumb":{"@id":"https:\/\/www.fcer.ch\/index.php\/equipes\/f1\/#breadcrumb"},"inLanguage":"fr-FR","potentialAction":[{"@type":"ReadAction","target":["https:\/\/www.fcer.ch\/index.php\/equipes\/f1\/"]}]},{"@type":"BreadcrumbList","@id":"https:\/\/www.fcer.ch\/index.php\/equipes\/f1\/#breadcrumb","itemListElement":[{"@type":"ListItem","position":1,"name":"Accueil","item":"https:\/\/www.fcer.ch\/"},{"@type":"ListItem","position":2,"name":"Equipes","item":"https:\/\/www.fcer.ch\/index.php\/equipes\/"},{"@type":"ListItem","position":3,"name":"F 1"}]},{"@type":"WebSite","@id":"https:\/\/www.fcer.ch\/#website","url":"https:\/\/www.fcer.ch\/","name":"FC Echallens R\u00e9gion","description":"Une r\u00e9gion ... une passion !","potentialAction":[{"@type":"SearchAction","target":{"@type":"EntryPoint","urlTemplate":"https:\/\/www.fcer.ch\/?s={search_term_string}"},"query-input":{"@type":"PropertyValueSpecification","valueRequired":true,"valueName":"search_term_string"}}],"inLanguage":"fr-FR"}]}},"_links":{"self":[{"href":"https:\/\/www.fcer.ch\/index.php\/wp-json\/wp\/v2\/pages\/25","targetHints":{"allow":["GET"]}}],"collection":[{"href":"https:\/\/www.fcer.ch\/index.php\/wp-json\/wp\/v2\/pages"}],"about":[{"href":"https:\/\/www.fcer.ch\/index.php\/wp-json\/wp\/v2\/types\/page"}],"author":[{"embeddable":true,"href":"https:\/\/www.fcer.ch\/index.php\/wp-json\/wp\/v2\/users\/4"}],"replies":[{"embeddable":true,"href":"https:\/\/www.fcer.ch\/index.php\/wp-json\/wp\/v2\/comments?post=25"}],"version-history":[{"count":0,"href":"https:\/\/www.fcer.ch\/index.php\/wp-json\/wp\/v2\/pages\/25\/revisions"}],"up":[{"embeddable":true,"href":"https:\/\/www.fcer.ch\/index.php\/wp-json\/wp\/v2\/pages\/19"}],"wp:attachment":[{"href":"https:\/\/www.fcer.ch\/index.php\/wp-json\/wp\/v2\/media?parent=25"}],"curies":[{"name":"wp","href":"https:\/\/api.w.org\/{rel}","templated":true}]}}