{"id":7913,"date":"2023-06-20T12:20:13","date_gmt":"2023-06-20T10:20:13","guid":{"rendered":"https:\/\/www.fcer.ch\/?page_id=7913"},"modified":"2023-06-21T16:35:28","modified_gmt":"2023-06-21T14:35:28","slug":"codes-de-conduite","status":"publish","type":"page","link":"https:\/\/www.fcer.ch\/index.php\/mission-vision-valeurs\/codes-de-conduite\/","title":{"rendered":"Code de conduite des joueuses et des joueurs"},"content":{"rendered":"<div class=\"fusion-fullwidth fullwidth-box fusion-builder-row-1 fusion-flex-container nonhundred-percent-fullwidth non-hundred-percent-height-scrolling\" style=\"--awb-border-radius-top-left:0px;--awb-border-radius-top-right:0px;--awb-border-radius-bottom-right:0px;--awb-border-radius-bottom-left:0px;--awb-flex-wrap:wrap;\" ><div class=\"fusion-builder-row fusion-row fusion-flex-align-items-flex-start fusion-flex-content-wrap\" style=\"max-width:1248px;margin-left: calc(-4% \/ 2 );margin-right: calc(-4% \/ 2 );\"><div class=\"fusion-layout-column fusion_builder_column fusion-builder-column-0 fusion_builder_column_1_1 1_1 fusion-flex-column\" style=\"--awb-bg-size:cover;--awb-width-large:100%;--awb-margin-top-large:0px;--awb-spacing-right-large:1.92%;--awb-margin-bottom-large:0px;--awb-spacing-left-large:1.92%;--awb-width-medium:100%;--awb-spacing-right-medium:1.92%;--awb-spacing-left-medium:1.92%;--awb-width-small:100%;--awb-spacing-right-small:1.92%;--awb-spacing-left-small:1.92%;\"><div class=\"fusion-column-wrapper fusion-flex-justify-content-flex-start fusion-content-layout-column\"><div class=\"fusion-title title fusion-title-1 sep-underline sep-solid fusion-title-text fusion-title-size-one\" style=\"--awb-margin-top-small:10px;--awb-margin-right-small:0px;--awb-margin-bottom-small:10px;--awb-margin-left-small:0px;\"><h1 class=\"fusion-title-heading title-heading-left\" style=\"margin:0;\">Code de conduite des joueuses et des joueurs<\/h1><\/div><div class=\"fusion-text fusion-text-1\"><h2 class=\"wp-block-heading\">Valeur : le respect<\/h2>\n<blockquote class=\"wp-block-quote is-layout-flow wp-block-quote-is-layout-flow\">\n<p>Principe : Je traite les entraineur.e.s, les autres joueuses et joueurs de mon \u00e9quipe et leurs parents, les adversaires et leurs parents, les arbitres, les officiel.le.s, les spectatrices et spectateurs correctement et respectueusement.<\/p>\n<\/blockquote>\n<p><em>Les r\u00e8gles du jeu <\/em>:<\/p>\n<ul class=\"wp-block-list\">\n<li>Je traite avec respect tous les participant.e.s, sur le terrain comme en dehors.<\/li>\n<li>Je ne d\u00e9nigre pas les autres et n&#8217;insulte personne.<\/li>\n<li>J&#8217;accepte les d\u00e9cisions de l&#8217;arbitre et des entra\u00eeneur.e.s.<\/li>\n<\/ul>\n<h2 class=\"wp-block-heading\">Valeur : la discipline<\/h2>\n<blockquote class=\"wp-block-quote is-layout-flow wp-block-quote-is-layout-flow\">\n<p>Principe : Je suis ponctuel.le, je tiens mes engagements et je range le mat\u00e9riel.<\/p>\n<\/blockquote>\n<p><em>Les r\u00e8gles du jeu :<\/em><\/p>\n<ul class=\"wp-block-list\">\n<li>J&#8217;arrive \u00e0 l&#8217;heure lors des activit\u00e9s et, en cas d&#8217;absence, je pr\u00e9viens l&#8217;entra\u00eeneur.e \u00e0 temps.<\/li>\n<li>Je range le mat\u00e9riel sur et hors du terrain.<\/li>\n<li>Je prends soin du mat\u00e9riel et des installations.<\/li>\n<\/ul>\n<h2 class=\"wp-block-heading\">Valeur : le sens des responsabilit\u00e9s<\/h2>\n<blockquote class=\"wp-block-quote is-layout-flow wp-block-quote-is-layout-flow\">\n<p>Principe : Je suis responsable de mes actes.<\/p>\n<\/blockquote>\n<p><em>Les r\u00e8gles du jeu : <\/em><\/p>\n<ul class=\"wp-block-list\">\n<li>Je sais que j&#8217;encours des sanctions si j&#8217;enfreins ce &#8220;code de conduite&#8221;.<\/li>\n<li>J&#8217;accepte que l&#8217;on puisse prendre et utiliser des films et\/ou des photos de moi.<\/li>\n<\/ul>\n<h2 class=\"wp-block-heading\">Valeur : l&#8217;investissement au sein du FC Echallens R\u00e9gion<\/h2>\n<blockquote class=\"wp-block-quote is-layout-flow wp-block-quote-is-layout-flow\">\n<p>Principe : Je suis conscient que mon appartenance au FC Echallens R\u00e9gion d\u00e9pend aussi de mon investissement<\/p>\n<\/blockquote>\n<p><em>Les r\u00e8gles du jeu :<\/em><\/p>\n<ul class=\"wp-block-list\">\n<li>Le football est un sport d&#8217;\u00e9quipe, aussi je m&#8217;engage \u00e0 participer \u00e0 toutes les activit\u00e9s mises sur pied pour cette \u00e9quipe.<\/li>\n<li>Je m&#8217;engage pour une saison compl\u00e8te, soit de juillet \u00e0 juin de l&#8217;ann\u00e9e suivante. En cas de d\u00e9mission, je l&#8217;annonce \u00e0 mon entra\u00eeneur.e et au responsable technique de ma cat\u00e9gorie au plus tard au d\u00e9but du mois de mai.<\/li>\n<li>Je m&#8217;engage \u00e0 donner le meilleur de moi-m\u00eame, qu&#8217;il s&#8217;agisse des entra\u00eenements, des matchs, des tournois et de toutes autres activit\u00e9s organis\u00e9es par mon \u00e9quipe ou le FC Echallens R\u00e9gion.<\/li>\n<\/ul>\n<h2 class=\"wp-block-heading has-text-align-center\">Les violations de ce &#8220;code de conduite&#8221; entra\u00eenent des cons\u00e9quences qui peuvent conduire \u00e0 l&#8217;exclusion du club.<\/h2>\n<\/div><\/div><\/div><\/div><\/div>","protected":false},"excerpt":{"rendered":"","protected":false},"author":28,"featured_media":0,"parent":7899,"menu_order":0,"comment_status":"closed","ping_status":"closed","template":"","meta":{"footnotes":""},"class_list":["post-7913","page","type-page","status-publish","hentry"],"yoast_head":"<!-- This site is optimized with the Yoast SEO plugin v27.4 - https:\/\/yoast.com\/product\/yoast-seo-wordpress\/ -->\n<title>Code de conduite des joueuses et des joueurs - FC Echallens R\u00e9gion<\/title>\n<meta name=\"robots\" content=\"index, follow, max-snippet:-1, max-image-preview:large, max-video-preview:-1\" \/>\n<link rel=\"canonical\" href=\"https:\/\/www.fcer.ch\/index.php\/mission-vision-valeurs\/codes-de-conduite\/\" \/>\n<meta property=\"og:locale\" content=\"fr_FR\" \/>\n<meta property=\"og:type\" content=\"article\" \/>\n<meta property=\"og:title\" content=\"Code de conduite des joueuses et des joueurs - FC Echallens R\u00e9gion\" \/>\n<meta property=\"og:url\" content=\"https:\/\/www.fcer.ch\/index.php\/mission-vision-valeurs\/codes-de-conduite\/\" \/>\n<meta property=\"og:site_name\" content=\"FC Echallens R\u00e9gion\" \/>\n<meta property=\"article:modified_time\" content=\"2023-06-21T14:35:28+00:00\" \/>\n<meta name=\"twitter:card\" content=\"summary_large_image\" \/>\n<meta name=\"twitter:label1\" content=\"Dur\u00e9e de lecture estim\u00e9e\" \/>\n\t<meta name=\"twitter:data1\" content=\"3 minutes\" \/>\n<script type=\"application\/ld+json\" class=\"yoast-schema-graph\">{\"@context\":\"https:\\\/\\\/schema.org\",\"@graph\":[{\"@type\":\"WebPage\",\"@id\":\"https:\\\/\\\/www.fcer.ch\\\/index.php\\\/mission-vision-valeurs\\\/codes-de-conduite\\\/\",\"url\":\"https:\\\/\\\/www.fcer.ch\\\/index.php\\\/mission-vision-valeurs\\\/codes-de-conduite\\\/\",\"name\":\"Code de conduite des joueuses et des joueurs - FC Echallens R\u00e9gion\",\"isPartOf\":{\"@id\":\"https:\\\/\\\/www.fcer.ch\\\/#website\"},\"datePublished\":\"2023-06-20T10:20:13+00:00\",\"dateModified\":\"2023-06-21T14:35:28+00:00\",\"breadcrumb\":{\"@id\":\"https:\\\/\\\/www.fcer.ch\\\/index.php\\\/mission-vision-valeurs\\\/codes-de-conduite\\\/#breadcrumb\"},\"inLanguage\":\"fr-FR\",\"potentialAction\":[{\"@type\":\"ReadAction\",\"target\":[\"https:\\\/\\\/www.fcer.ch\\\/index.php\\\/mission-vision-valeurs\\\/codes-de-conduite\\\/\"]}]},{\"@type\":\"BreadcrumbList\",\"@id\":\"https:\\\/\\\/www.fcer.ch\\\/index.php\\\/mission-vision-valeurs\\\/codes-de-conduite\\\/#breadcrumb\",\"itemListElement\":[{\"@type\":\"ListItem\",\"position\":1,\"name\":\"Accueil\",\"item\":\"https:\\\/\\\/www.fcer.ch\\\/\"},{\"@type\":\"ListItem\",\"position\":2,\"name\":\"Mission &#8211; vision &#8211; valeurs\",\"item\":\"https:\\\/\\\/www.fcer.ch\\\/index.php\\\/mission-vision-valeurs\\\/\"},{\"@type\":\"ListItem\",\"position\":3,\"name\":\"Code de conduite des joueuses et des joueurs\"}]},{\"@type\":\"WebSite\",\"@id\":\"https:\\\/\\\/www.fcer.ch\\\/#website\",\"url\":\"https:\\\/\\\/www.fcer.ch\\\/\",\"name\":\"FC Echallens R\u00e9gion\",\"description\":\"Une r\u00e9gion ... une passion !\",\"potentialAction\":[{\"@type\":\"SearchAction\",\"target\":{\"@type\":\"EntryPoint\",\"urlTemplate\":\"https:\\\/\\\/www.fcer.ch\\\/?s={search_term_string}\"},\"query-input\":{\"@type\":\"PropertyValueSpecification\",\"valueRequired\":true,\"valueName\":\"search_term_string\"}}],\"inLanguage\":\"fr-FR\"}]}<\/script>\n<!-- \/ Yoast SEO plugin. -->","yoast_head_json":{"title":"Code de conduite des joueuses et des joueurs - FC Echallens R\u00e9gion","robots":{"index":"index","follow":"follow","max-snippet":"max-snippet:-1","max-image-preview":"max-image-preview:large","max-video-preview":"max-video-preview:-1"},"canonical":"https:\/\/www.fcer.ch\/index.php\/mission-vision-valeurs\/codes-de-conduite\/","og_locale":"fr_FR","og_type":"article","og_title":"Code de conduite des joueuses et des joueurs - FC Echallens R\u00e9gion","og_url":"https:\/\/www.fcer.ch\/index.php\/mission-vision-valeurs\/codes-de-conduite\/","og_site_name":"FC Echallens R\u00e9gion","article_modified_time":"2023-06-21T14:35:28+00:00","twitter_card":"summary_large_image","twitter_misc":{"Dur\u00e9e de lecture estim\u00e9e":"3 minutes"},"schema":{"@context":"https:\/\/schema.org","@graph":[{"@type":"WebPage","@id":"https:\/\/www.fcer.ch\/index.php\/mission-vision-valeurs\/codes-de-conduite\/","url":"https:\/\/www.fcer.ch\/index.php\/mission-vision-valeurs\/codes-de-conduite\/","name":"Code de conduite des joueuses et des joueurs - FC Echallens R\u00e9gion","isPartOf":{"@id":"https:\/\/www.fcer.ch\/#website"},"datePublished":"2023-06-20T10:20:13+00:00","dateModified":"2023-06-21T14:35:28+00:00","breadcrumb":{"@id":"https:\/\/www.fcer.ch\/index.php\/mission-vision-valeurs\/codes-de-conduite\/#breadcrumb"},"inLanguage":"fr-FR","potentialAction":[{"@type":"ReadAction","target":["https:\/\/www.fcer.ch\/index.php\/mission-vision-valeurs\/codes-de-conduite\/"]}]},{"@type":"BreadcrumbList","@id":"https:\/\/www.fcer.ch\/index.php\/mission-vision-valeurs\/codes-de-conduite\/#breadcrumb","itemListElement":[{"@type":"ListItem","position":1,"name":"Accueil","item":"https:\/\/www.fcer.ch\/"},{"@type":"ListItem","position":2,"name":"Mission &#8211; vision &#8211; valeurs","item":"https:\/\/www.fcer.ch\/index.php\/mission-vision-valeurs\/"},{"@type":"ListItem","position":3,"name":"Code de conduite des joueuses et des joueurs"}]},{"@type":"WebSite","@id":"https:\/\/www.fcer.ch\/#website","url":"https:\/\/www.fcer.ch\/","name":"FC Echallens R\u00e9gion","description":"Une r\u00e9gion ... une passion !","potentialAction":[{"@type":"SearchAction","target":{"@type":"EntryPoint","urlTemplate":"https:\/\/www.fcer.ch\/?s={search_term_string}"},"query-input":{"@type":"PropertyValueSpecification","valueRequired":true,"valueName":"search_term_string"}}],"inLanguage":"fr-FR"}]}},"_links":{"self":[{"href":"https:\/\/www.fcer.ch\/index.php\/wp-json\/wp\/v2\/pages\/7913","targetHints":{"allow":["GET"]}}],"collection":[{"href":"https:\/\/www.fcer.ch\/index.php\/wp-json\/wp\/v2\/pages"}],"about":[{"href":"https:\/\/www.fcer.ch\/index.php\/wp-json\/wp\/v2\/types\/page"}],"author":[{"embeddable":true,"href":"https:\/\/www.fcer.ch\/index.php\/wp-json\/wp\/v2\/users\/28"}],"replies":[{"embeddable":true,"href":"https:\/\/www.fcer.ch\/index.php\/wp-json\/wp\/v2\/comments?post=7913"}],"version-history":[{"count":0,"href":"https:\/\/www.fcer.ch\/index.php\/wp-json\/wp\/v2\/pages\/7913\/revisions"}],"up":[{"embeddable":true,"href":"https:\/\/www.fcer.ch\/index.php\/wp-json\/wp\/v2\/pages\/7899"}],"wp:attachment":[{"href":"https:\/\/www.fcer.ch\/index.php\/wp-json\/wp\/v2\/media?parent=7913"}],"curies":[{"name":"wp","href":"https:\/\/api.w.org\/{rel}","templated":true}]}}