{"id":8714,"date":"2023-11-27T18:12:59","date_gmt":"2023-11-27T17:12:59","guid":{"rendered":"https:\/\/www.fcer.ch\/?page_id=8714"},"modified":"2023-12-01T11:12:12","modified_gmt":"2023-12-01T10:12:12","slug":"agir-de-maniere-preventive-lentraineur","status":"publish","type":"page","link":"https:\/\/www.fcer.ch\/index.php\/agir-de-maniere-preventive-lentraineur\/","title":{"rendered":"Agir de mani\u00e8re pr\u00e9ventive &#8211; l&#8217;entra\u00eeneur"},"content":{"rendered":"<div class=\"fusion-fullwidth fullwidth-box fusion-builder-row-1 fusion-flex-container has-pattern-background has-mask-background nonhundred-percent-fullwidth non-hundred-percent-height-scrolling\" style=\"--awb-border-radius-top-left:0px;--awb-border-radius-top-right:0px;--awb-border-radius-bottom-right:0px;--awb-border-radius-bottom-left:0px;--awb-flex-wrap:wrap;\" ><div class=\"fusion-builder-row fusion-row fusion-flex-align-items-flex-start fusion-flex-content-wrap\" style=\"max-width:1248px;margin-left: calc(-4% \/ 2 );margin-right: calc(-4% \/ 2 );\"><div class=\"fusion-layout-column fusion_builder_column fusion-builder-column-0 fusion_builder_column_1_1 1_1 fusion-flex-column\" style=\"--awb-bg-size:cover;--awb-width-large:100%;--awb-margin-top-large:0px;--awb-spacing-right-large:1.92%;--awb-margin-bottom-large:20px;--awb-spacing-left-large:1.92%;--awb-width-medium:100%;--awb-order-medium:0;--awb-spacing-right-medium:1.92%;--awb-spacing-left-medium:1.92%;--awb-width-small:100%;--awb-order-small:0;--awb-spacing-right-small:1.92%;--awb-spacing-left-small:1.92%;\"><div class=\"fusion-column-wrapper fusion-column-has-shadow fusion-flex-justify-content-flex-start fusion-content-layout-column\"><div class=\"fusion-title title fusion-title-1 sep-underline sep-solid fusion-title-text fusion-title-size-one\" style=\"--awb-margin-top-small:10px;--awb-margin-right-small:0px;--awb-margin-bottom-small:10px;--awb-margin-left-small:0px;\"><h1 class=\"fusion-title-heading title-heading-left\" style=\"margin:0;\">Protection des enfants et des adolescents<\/h1><\/div><div class=\"fusion-title title fusion-title-2 sep-underline sep-solid fusion-title-text fusion-title-size-three\" style=\"--awb-margin-top-small:10px;--awb-margin-right-small:0px;--awb-margin-bottom-small:10px;--awb-margin-left-small:0px;\"><h3 class=\"fusion-title-heading title-heading-left\" style=\"margin:0;text-transform:uppercase;\">Comment nos entra\u00eeneur.e.s peuvent-ils agir de mani\u00e8re pr\u00e9ventive?<\/h3><\/div><div class=\"fusion-video fusion-selfhosted-video\" style=\"max-width:100%;\"><div class=\"video-wrapper\"><video playsinline=\"true\" width=\"100%\" style=\"object-fit: cover;\" preload=\"auto\" controls=\"1\"><source src=\"https:\/\/www.football.ch\/portaldata\/27\/Resources\/dokumente\/kinder-_und_jugendschutz\/SFV-ErkVid-FR.mp4\" type=\"video\/mp4\">Sorry, your browser doesn&#039;t support embedded videos.<\/video><\/div><\/div><div class=\"fusion-text fusion-text-1\"><p>&nbsp;<\/p>\n<p>Source : <a href=\"https:\/\/www.football.ch\/portaldata\/27\/Resources\/dokumente\/kinder-_und_jugendschutz\/Kinderschutz_Falz-Flyer_FR.pdf\">https:\/\/www.football.ch\/portaldet auata\/27\/Resources\/dokumente\/kinder-_und_jugendschutz\/Kinderschutz_Falz-Flyer_FR.pdf<\/a><\/p>\n<ul>\n<li>Montrer l\u2019exemple par la parole et les actes \u2013 un entra\u00eeneur qui se montre respectueux, direct et honn\u00eate influence consid\u00e9rablement le comportement des<br \/>\njoueuses et joueurs.<\/li>\n<li>Privil\u00e9gier le contact ouvert avec les joueuses et joueurs, trouver des accords clairs et les communiquer aux parents de mani\u00e8re transparente.<\/li>\n<li>Ne pas se doucher avec les jeunes joueuses et joueurs et respecter ainsi leur sph\u00e8re intime.<\/li>\n<li>Accepter un non formul\u00e9 par un enfant ou un adolescent si celui-ci se sent mal \u00e0 l\u2019aise.<\/li>\n<li>Examiner les \u00e9ventuelles sources d\u2019\u00e9nervement dans le d\u00e9roulement de l\u2019entra\u00eenement, du jeu ou du camp et, si n\u00e9cessaire, demander un soutien (p. ex. aupr\u00e8s de votre responsable technique).<\/li>\n<li>En cas de contact physique, fixer des limites claires et \u00e9viter les situations qui pourraient \u00eatre interpr\u00e9t\u00e9es comme des abus.<\/li>\n<li>Observer le degr\u00e9 de d\u00e9veloppement des enfants et des adolescents au sein de l\u2019\u00e9quipe et conna\u00eetre les risques de blessures et de surmenage.<\/li>\n<li>Adopter une position claire vis-\u00e0-vis des parents au bord du terrain et intervenir lorsque ceux-ci d\u00e9nigrent le jeu et\/ou le comportement des joueuses et joueurs.<\/li>\n<li>Aborder r\u00e9guli\u00e8rement avec d\u2019autres entra\u00eeneurs et avec les enfants et adolescents les questions portant sur les actes d\u00e9plac\u00e9s et les abus sexuels \u2013 les sujets ne sont ainsi plus tabou et les joueuses et joueurs remarquent que l\u2019entra\u00eeneur est sensibilis\u00e9 \u00e0 ces questions.<\/li>\n<li>Encourager les parents \u00e0 collaborer.<\/li>\n<\/ul>\n<\/div><div class=\"fusion-alert alert custom alert-custom fusion-alert-center awb-alert-native-link-color\" style=\"--awb-background-color:#ffffff;--awb-accent-color:#808080;--awb-border-size:1px;--awb-border-top-left-radius:0px;--awb-border-top-right-radius:0px;--awb-border-bottom-left-radius:0px;--awb-border-bottom-right-radius:0px;\" role=\"alert\"><div class=\"fusion-alert-content-wrapper\"><span class=\"alert-icon\"><i class=\"fa-phone-volume fas\" aria-hidden=\"true\"><\/i><\/span><span class=\"fusion-alert-content\"><p>Conseils aux entra\u00eeneur.e.s et au club : <b>058 618 80 80 (service Pro Juventute)<br \/>\n<\/b><\/p><\/span><\/div><\/div><div class=\"fusion-alert alert notice alert-warning fusion-alert-center awb-alert-native-link-color\" role=\"alert\"><div class=\"fusion-alert-content-wrapper\"><span class=\"alert-icon\"><i class=\"awb-icon-cog\" aria-hidden=\"true\"><\/i><\/span><span class=\"fusion-alert-content\">Lors d&#8217;entretiens sensibles avec les joueuses, les joueurs, les parents, nos entra\u00eeneurs doivent \u00eatre accompagn\u00e9s par la ou le responsable technique de la cat\u00e9gorie.<\/span><\/div><\/div><div class=\"fusion-text fusion-text-2\"><p><strong>Bibliographie:<\/strong><\/p>\n<ul>\n<li>Cours en ligne sur la sauvegarde de l&#8217;enfance : <a href=\"https:\/\/uefa-safeguarding.eu\/cours-en-ligne-sur-la-sauvegarde-de-lenfance-asfswiss-fa-french\">https:\/\/uefa-safeguarding.eu\/cours-en-ligne-sur-la-sauvegarde-de-lenfance-asfswiss-fa-french<\/a><\/li>\n<li>Programme Cool and Clean : <a href=\"https:\/\/www.coolandclean.ch\/fr\/\">https:\/\/www.coolandclean.ch\/fr\/<\/a><\/li>\n<li>Pr\u00e9venir les addictions : <a href=\"https:\/\/www.jugendundsport.ch\/fr\/themen\/praevention\/sucht.html#ui-collapse-176\">https:\/\/www.jugendundsport.ch\/fr\/themen\/praevention\/sucht.html#ui-collapse-176<\/a><\/li>\n<li>Pr\u00e9venir les abus sexuels : <a href=\"https:\/\/www.jugendundsport.ch\/fr\/themen\/praevention\/sexuelle-uebergriffe.html\">https:\/\/www.jugendundsport.ch\/fr\/themen\/praevention\/sexuelle-uebergriffe.html<\/a><\/li>\n<li>Pr\u00e9venir la violence : <a href=\"https:\/\/www.jugendundsport.ch\/fr\/themen\/praevention\/gewalt.html\">https:\/\/www.jugendundsport.ch\/fr\/themen\/praevention\/gewPr\u00e9alt.html<\/a><\/li>\n<li>Pr\u00e9venir le dopage : <a href=\"https:\/\/www.jugendundsport.ch\/fr\/themen\/praevention\/doping.html\">https:\/\/www.jugendundsport.ch\/fr\/themen\/praevention\/doping.html<\/a><\/li>\n<\/ul>\n<div>&nbsp;<\/div>\n<div>&nbsp;<\/div>\n<\/div><\/div><\/div><\/div><\/div>\n","protected":false},"excerpt":{"rendered":"","protected":false},"author":28,"featured_media":0,"parent":0,"menu_order":0,"comment_status":"closed","ping_status":"closed","template":"","meta":{"footnotes":""},"class_list":["post-8714","page","type-page","status-publish","hentry"],"yoast_head":"<!-- This site is optimized with the Yoast SEO plugin v27.4 - https:\/\/yoast.com\/product\/yoast-seo-wordpress\/ -->\n<title>Agir de mani\u00e8re pr\u00e9ventive - l&#039;entra\u00eeneur - FC Echallens R\u00e9gion<\/title>\n<meta name=\"robots\" content=\"index, follow, max-snippet:-1, max-image-preview:large, max-video-preview:-1\" \/>\n<link rel=\"canonical\" href=\"https:\/\/www.fcer.ch\/index.php\/agir-de-maniere-preventive-lentraineur\/\" \/>\n<meta property=\"og:locale\" content=\"fr_FR\" \/>\n<meta property=\"og:type\" content=\"article\" \/>\n<meta property=\"og:title\" content=\"Agir de mani\u00e8re pr\u00e9ventive - l&#039;entra\u00eeneur - FC Echallens R\u00e9gion\" \/>\n<meta property=\"og:url\" content=\"https:\/\/www.fcer.ch\/index.php\/agir-de-maniere-preventive-lentraineur\/\" \/>\n<meta property=\"og:site_name\" content=\"FC Echallens R\u00e9gion\" \/>\n<meta property=\"article:modified_time\" content=\"2023-12-01T10:12:12+00:00\" \/>\n<meta name=\"twitter:card\" content=\"summary_large_image\" \/>\n<meta name=\"twitter:label1\" content=\"Dur\u00e9e de lecture estim\u00e9e\" \/>\n\t<meta name=\"twitter:data1\" content=\"3 minutes\" \/>\n<script type=\"application\/ld+json\" class=\"yoast-schema-graph\">{\"@context\":\"https:\\\/\\\/schema.org\",\"@graph\":[{\"@type\":\"WebPage\",\"@id\":\"https:\\\/\\\/www.fcer.ch\\\/index.php\\\/agir-de-maniere-preventive-lentraineur\\\/\",\"url\":\"https:\\\/\\\/www.fcer.ch\\\/index.php\\\/agir-de-maniere-preventive-lentraineur\\\/\",\"name\":\"Agir de mani\u00e8re pr\u00e9ventive - l'entra\u00eeneur - FC Echallens R\u00e9gion\",\"isPartOf\":{\"@id\":\"https:\\\/\\\/www.fcer.ch\\\/#website\"},\"datePublished\":\"2023-11-27T17:12:59+00:00\",\"dateModified\":\"2023-12-01T10:12:12+00:00\",\"breadcrumb\":{\"@id\":\"https:\\\/\\\/www.fcer.ch\\\/index.php\\\/agir-de-maniere-preventive-lentraineur\\\/#breadcrumb\"},\"inLanguage\":\"fr-FR\",\"potentialAction\":[{\"@type\":\"ReadAction\",\"target\":[\"https:\\\/\\\/www.fcer.ch\\\/index.php\\\/agir-de-maniere-preventive-lentraineur\\\/\"]}]},{\"@type\":\"BreadcrumbList\",\"@id\":\"https:\\\/\\\/www.fcer.ch\\\/index.php\\\/agir-de-maniere-preventive-lentraineur\\\/#breadcrumb\",\"itemListElement\":[{\"@type\":\"ListItem\",\"position\":1,\"name\":\"Accueil\",\"item\":\"https:\\\/\\\/www.fcer.ch\\\/\"},{\"@type\":\"ListItem\",\"position\":2,\"name\":\"Agir de mani\u00e8re pr\u00e9ventive &#8211; l&#8217;entra\u00eeneur\"}]},{\"@type\":\"WebSite\",\"@id\":\"https:\\\/\\\/www.fcer.ch\\\/#website\",\"url\":\"https:\\\/\\\/www.fcer.ch\\\/\",\"name\":\"FC Echallens R\u00e9gion\",\"description\":\"Une r\u00e9gion ... une passion !\",\"potentialAction\":[{\"@type\":\"SearchAction\",\"target\":{\"@type\":\"EntryPoint\",\"urlTemplate\":\"https:\\\/\\\/www.fcer.ch\\\/?s={search_term_string}\"},\"query-input\":{\"@type\":\"PropertyValueSpecification\",\"valueRequired\":true,\"valueName\":\"search_term_string\"}}],\"inLanguage\":\"fr-FR\"}]}<\/script>\n<!-- \/ Yoast SEO plugin. -->","yoast_head_json":{"title":"Agir de mani\u00e8re pr\u00e9ventive - l'entra\u00eeneur - FC Echallens R\u00e9gion","robots":{"index":"index","follow":"follow","max-snippet":"max-snippet:-1","max-image-preview":"max-image-preview:large","max-video-preview":"max-video-preview:-1"},"canonical":"https:\/\/www.fcer.ch\/index.php\/agir-de-maniere-preventive-lentraineur\/","og_locale":"fr_FR","og_type":"article","og_title":"Agir de mani\u00e8re pr\u00e9ventive - l'entra\u00eeneur - FC Echallens R\u00e9gion","og_url":"https:\/\/www.fcer.ch\/index.php\/agir-de-maniere-preventive-lentraineur\/","og_site_name":"FC Echallens R\u00e9gion","article_modified_time":"2023-12-01T10:12:12+00:00","twitter_card":"summary_large_image","twitter_misc":{"Dur\u00e9e de lecture estim\u00e9e":"3 minutes"},"schema":{"@context":"https:\/\/schema.org","@graph":[{"@type":"WebPage","@id":"https:\/\/www.fcer.ch\/index.php\/agir-de-maniere-preventive-lentraineur\/","url":"https:\/\/www.fcer.ch\/index.php\/agir-de-maniere-preventive-lentraineur\/","name":"Agir de mani\u00e8re pr\u00e9ventive - l'entra\u00eeneur - FC Echallens R\u00e9gion","isPartOf":{"@id":"https:\/\/www.fcer.ch\/#website"},"datePublished":"2023-11-27T17:12:59+00:00","dateModified":"2023-12-01T10:12:12+00:00","breadcrumb":{"@id":"https:\/\/www.fcer.ch\/index.php\/agir-de-maniere-preventive-lentraineur\/#breadcrumb"},"inLanguage":"fr-FR","potentialAction":[{"@type":"ReadAction","target":["https:\/\/www.fcer.ch\/index.php\/agir-de-maniere-preventive-lentraineur\/"]}]},{"@type":"BreadcrumbList","@id":"https:\/\/www.fcer.ch\/index.php\/agir-de-maniere-preventive-lentraineur\/#breadcrumb","itemListElement":[{"@type":"ListItem","position":1,"name":"Accueil","item":"https:\/\/www.fcer.ch\/"},{"@type":"ListItem","position":2,"name":"Agir de mani\u00e8re pr\u00e9ventive &#8211; l&#8217;entra\u00eeneur"}]},{"@type":"WebSite","@id":"https:\/\/www.fcer.ch\/#website","url":"https:\/\/www.fcer.ch\/","name":"FC Echallens R\u00e9gion","description":"Une r\u00e9gion ... une passion !","potentialAction":[{"@type":"SearchAction","target":{"@type":"EntryPoint","urlTemplate":"https:\/\/www.fcer.ch\/?s={search_term_string}"},"query-input":{"@type":"PropertyValueSpecification","valueRequired":true,"valueName":"search_term_string"}}],"inLanguage":"fr-FR"}]}},"_links":{"self":[{"href":"https:\/\/www.fcer.ch\/index.php\/wp-json\/wp\/v2\/pages\/8714","targetHints":{"allow":["GET"]}}],"collection":[{"href":"https:\/\/www.fcer.ch\/index.php\/wp-json\/wp\/v2\/pages"}],"about":[{"href":"https:\/\/www.fcer.ch\/index.php\/wp-json\/wp\/v2\/types\/page"}],"author":[{"embeddable":true,"href":"https:\/\/www.fcer.ch\/index.php\/wp-json\/wp\/v2\/users\/28"}],"replies":[{"embeddable":true,"href":"https:\/\/www.fcer.ch\/index.php\/wp-json\/wp\/v2\/comments?post=8714"}],"version-history":[{"count":0,"href":"https:\/\/www.fcer.ch\/index.php\/wp-json\/wp\/v2\/pages\/8714\/revisions"}],"wp:attachment":[{"href":"https:\/\/www.fcer.ch\/index.php\/wp-json\/wp\/v2\/media?parent=8714"}],"curies":[{"name":"wp","href":"https:\/\/api.w.org\/{rel}","templated":true}]}}